{"id":1901,"date":"2015-09-29T15:59:41","date_gmt":"2015-09-29T15:59:41","guid":{"rendered":"http:\/\/www.soaptheme.net\/wordpress\/citytours\/?page_id=26"},"modified":"2024-05-04T17:18:50","modified_gmt":"2024-05-04T15:18:50","slug":"about-us-3","status":"publish","type":"page","link":"https:\/\/hurgadaizleti.com\/?page_id=1901","title":{"rendered":"O nama"},"content":{"rendered":"<p>[vc_row is_container=&#8221;yes&#8221; el_class=&#8221;margin_top_60&#8243;][vc_column][vc_column_text]<\/p>\n<div class=\"main_title\">\n<h2>O\u00a0<b>nama<\/b><\/h2>\n<p>&nbsp;<\/p>\n<p style=\"text-align: left;\">Moje ime je Mahmoud Ibrahim Selim Ahmad. Ro\u0111en i \u017eivim u Hurghadi.<\/p>\n<p style=\"text-align: left;\">Poznajem i nudim sve \u0161to je ponekad sakriveno od o\u010diju turista. Zavr\u0161io sam Fakultet za turizam u Kairu, 2000 \u2013 te godine. Kao samostalni vodi\u010d radim ve\u0107 18 godina. Kurs za Srpsko-hrvatski jezik zavr\u0161io sam u Beogradu na Kolarcu 2003 godine. Moji gosti su uglavnom od Triglava do Vardara. Tako sam upoznao mentalitet i \u017eelje ljudi sa tih prostora. Na\u0161a i va\u0161a duhovitost su dobar spoj za jedan nezaboravan do\u017eivljaj na izletu.<\/p>\n<p style=\"text-align: left;\">Tokom rada svih ovih godina, imam dosta iskustva i informacija da znam, koliko je gostima bitna bezbednost na izletu (osiguranje od Agencije), prijatno putovanje i naravno \u00bb FER CENA\u00ab. \u017delja svih nas je da za cenu izleta dobijete i malo vi\u0161e od toga.<\/p>\n<p style=\"text-align: left;\">Na\u0161 tim vas sa nestrpljenjem o\u010dekuje, u \u017eelji da opravdamo va\u0161e poverenje.<\/p>\n<p style=\"text-align: left;\">NA\u0160I GOSTI NA\u0160I KRALJEVI<\/p>\n<\/div>\n<p>Kontakt Mahmoud<br \/>\nTel. (Viber\/WhatsApp) <a href=\"tel:\/\/+20 106 158 1255\">+20 106 158 1255<\/a><br \/>\nEmail. <a href=\"mailto:Mahmoudselim2003@yahoo.com\">Mahmoudselim2003@yahoo.com<\/a><\/p>\n<p>[\/vc_column_text][\/vc_column][\/vc_row][vc_row is_container=&#8221;yes&#8221;][vc_column][vc_separator][\/vc_column][\/vc_row][vc_row][vc_column][vc_separator][\/vc_column][\/vc_row][vc_row el_class=&#8221;clearfix&#8221;][vc_column offset=&#8221;vc_col-md-6&#8243; css=&#8221;.vc_custom_1519241100361{background-image: url(http:\/\/localhost\/Hurgada\/wp-content\/uploads\/2018\/02\/rent-a-kia.jpg?id=697) !important;}&#8221; el_class=&#8221;nopadding features-bg&#8221;][vc_column_text]<\/p>\n<p>&nbsp;<\/p>\n","protected":false},"excerpt":{"rendered":"<p>[vc_row is_container=&#8221;yes&#8221; el_class=&#8221;margin_top_60&#8243;][vc_column][vc_column_text] O\u00a0nama &nbsp; Moje ime je Mahmoud Ibrahim Selim Ahmad. Ro\u0111en i \u017eivim u Hurghadi. Poznajem i nudim sve \u0161to je ponekad sakriveno od o\u010diju turista. Zavr\u0161io sam Fakultet za turizam u Kairu, 2000 \u2013 te godine. Kao samostalni vodi\u010d radim ve\u0107 18 godina. Kurs za Srpsko-hrvatski jezik zavr\u0161io sam u Beogradu na [&hellip;]<\/p>\n","protected":false},"author":1,"featured_media":0,"parent":0,"menu_order":0,"comment_status":"closed","ping_status":"closed","template":"templates\/template-full-width.php","meta":{"footnotes":""},"class_list":["post-1901","page","type-page","status-publish","hentry"],"_links":{"self":[{"href":"https:\/\/hurgadaizleti.com\/index.php?rest_route=\/wp\/v2\/pages\/1901","targetHints":{"allow":["GET"]}}],"collection":[{"href":"https:\/\/hurgadaizleti.com\/index.php?rest_route=\/wp\/v2\/pages"}],"about":[{"href":"https:\/\/hurgadaizleti.com\/index.php?rest_route=\/wp\/v2\/types\/page"}],"author":[{"embeddable":true,"href":"https:\/\/hurgadaizleti.com\/index.php?rest_route=\/wp\/v2\/users\/1"}],"replies":[{"embeddable":true,"href":"https:\/\/hurgadaizleti.com\/index.php?rest_route=%2Fwp%2Fv2%2Fcomments&post=1901"}],"version-history":[{"count":7,"href":"https:\/\/hurgadaizleti.com\/index.php?rest_route=\/wp\/v2\/pages\/1901\/revisions"}],"predecessor-version":[{"id":3189,"href":"https:\/\/hurgadaizleti.com\/index.php?rest_route=\/wp\/v2\/pages\/1901\/revisions\/3189"}],"wp:attachment":[{"href":"https:\/\/hurgadaizleti.com\/index.php?rest_route=%2Fwp%2Fv2%2Fmedia&parent=1901"}],"curies":[{"name":"wp","href":"https:\/\/api.w.org\/{rel}","templated":true}]}}