{"id":1907,"date":"2019-03-05T09:17:30","date_gmt":"2019-03-05T08:17:30","guid":{"rendered":"http:\/\/www.soaptheme.net\/wordpress\/citytours\/?page_id=250"},"modified":"2021-11-28T12:48:50","modified_gmt":"2021-11-28T10:48:50","slug":"blog-left-sidebar-2","status":"publish","type":"page","link":"https:\/\/hurgadaizleti.com\/?page_id=1907","title":{"rendered":"Zanimljivosti"},"content":{"rendered":"\r\n<div class=\"box_style_1\">\r\n\t\r\n<div id=\"post-2211\" class=\"post-2211 post type-post status-publish format-standard has-post-thumbnail hentry category-tips-for-travellers\">\r\n\r\n\t<img loading=\"lazy\" decoding=\"async\" width=\"336\" height=\"150\" src=\"https:\/\/hurgadaizleti.com\/wp-content\/uploads\/2021\/11\/piramides.jpg\" class=\"img-responsive wp-post-image\" alt=\"\" srcset=\"https:\/\/hurgadaizleti.com\/wp-content\/uploads\/2021\/11\/piramides.jpg 336w, https:\/\/hurgadaizleti.com\/wp-content\/uploads\/2021\/11\/piramides-300x134.jpg 300w\" sizes=\"auto, (max-width: 336px) 100vw, 336px\" \/>\r\n\t<div class=\"post_info clearfix\">\r\n\t\t<div class=\"post-left\">\r\n\t\t\t<ul>\r\n\t\t\t\t<li><i class=\"icon-calendar-empty\"><\/i>On <span>Sunday November 28th, 2021<\/span><\/li>\r\n\t\t\t\t<li><i class=\"icon-inbox-alt\"><\/i>In <a href=\"https:\/\/hurgadaizleti.com\/?cat=4\" rel=\"category\">Tips for travellers<\/a><\/li>\r\n\t\t\t\t<li><i class=\"icon-tags\"><\/i><\/li>\r\n\t\t\t<\/ul>\r\n\t\t<\/div>\r\n\t\t\r\n\t\t<div class=\"post-right\"><i class=\"icon-comment\"><\/i>\u041d\u0435\u043c\u0430 \u043a\u043e\u043c\u0435\u043d\u0442\u0430\u0440\u0430<\/div>\r\n\t<\/div>\r\n\r\n\t<h1>THIS IS EGYPT | A Journey To The Great Pyramids<\/h1>\r\n\r\n\t<p>https:\/\/www.youtube.com\/watch?v=z_5CqnmSUFk<\/p>\r\n\r\n\t<a href=\"https:\/\/hurgadaizleti.com\/?p=2211\" class=\"btn_1\">Read more<\/a>\r\n\r\n<\/div><!-- end post -->\r\n\t\t\t\t<hr>\r\n\r\n\t\t\t\t\r\n<div id=\"post-2207\" class=\"post-2207 post type-post status-publish format-standard has-post-thumbnail hentry category-tips-for-travellers\">\r\n\r\n\t<img loading=\"lazy\" decoding=\"async\" width=\"290\" height=\"174\" src=\"https:\/\/hurgadaizleti.com\/wp-content\/uploads\/2021\/11\/cairo.jpg\" class=\"img-responsive wp-post-image\" alt=\"\" \/>\r\n\t<div class=\"post_info clearfix\">\r\n\t\t<div class=\"post-left\">\r\n\t\t\t<ul>\r\n\t\t\t\t<li><i class=\"icon-calendar-empty\"><\/i>On <span>Sunday November 28th, 2021<\/span><\/li>\r\n\t\t\t\t<li><i class=\"icon-inbox-alt\"><\/i>In <a href=\"https:\/\/hurgadaizleti.com\/?cat=4\" rel=\"category\">Tips for travellers<\/a><\/li>\r\n\t\t\t\t<li><i class=\"icon-tags\"><\/i><\/li>\r\n\t\t\t<\/ul>\r\n\t\t<\/div>\r\n\t\t\r\n\t\t<div class=\"post-right\"><i class=\"icon-comment\"><\/i>\u041d\u0435\u043c\u0430 \u043a\u043e\u043c\u0435\u043d\u0442\u0430\u0440\u0430<\/div>\r\n\t<\/div>\r\n\r\n\t<h1>EXPLORING CAIRO, EGYPT | Walking To The Nile River<\/h1>\r\n\r\n\t<p>https:\/\/www.youtube.com\/watch?v=MyTM1ceL6Dw<\/p>\r\n\r\n\t<a href=\"https:\/\/hurgadaizleti.com\/?p=2207\" class=\"btn_1\">Read more<\/a>\r\n\r\n<\/div><!-- end post -->\r\n\t\t\t\t<hr>\r\n\r\n\t\t\t\t\r\n<div id=\"post-1908\" class=\"post-1908 post type-post status-publish format-standard has-post-thumbnail hentry category-kulture tag-kultura tag-muzej\">\r\n\r\n\t<img loading=\"lazy\" decoding=\"async\" width=\"801\" height=\"400\" src=\"https:\/\/hurgadaizleti.com\/wp-content\/uploads\/2015\/09\/GME_Exterior_day-copy-jpg-1.jpg\" class=\"img-responsive wp-post-image\" alt=\"\" srcset=\"https:\/\/hurgadaizleti.com\/wp-content\/uploads\/2015\/09\/GME_Exterior_day-copy-jpg-1.jpg 801w, https:\/\/hurgadaizleti.com\/wp-content\/uploads\/2015\/09\/GME_Exterior_day-copy-jpg-1-600x300.jpg 600w, https:\/\/hurgadaizleti.com\/wp-content\/uploads\/2015\/09\/GME_Exterior_day-copy-jpg-1-300x150.jpg 300w, https:\/\/hurgadaizleti.com\/wp-content\/uploads\/2015\/09\/GME_Exterior_day-copy-jpg-1-768x384.jpg 768w, https:\/\/hurgadaizleti.com\/wp-content\/uploads\/2015\/09\/GME_Exterior_day-copy-jpg-1-280x140.jpg 280w\" sizes=\"auto, (max-width: 801px) 100vw, 801px\" \/>\r\n\t<div class=\"post_info clearfix\">\r\n\t\t<div class=\"post-left\">\r\n\t\t\t<ul>\r\n\t\t\t\t<li><i class=\"icon-calendar-empty\"><\/i>On <span>Tuesday March  5th, 2019<\/span><\/li>\r\n\t\t\t\t<li><i class=\"icon-inbox-alt\"><\/i>In <a href=\"https:\/\/hurgadaizleti.com\/?cat=51\" rel=\"category\">Kultura<\/a><\/li>\r\n\t\t\t\t<li><i class=\"icon-tags\"><\/i>\u041e\u0437\u043d\u0430\u043a\u0435: <a href=\"https:\/\/hurgadaizleti.com\/?tag=kultura\" rel=\"tag\">kultura<\/a>, <a href=\"https:\/\/hurgadaizleti.com\/?tag=muzej\" rel=\"tag\">muzej<\/a><\/li>\r\n\t\t\t<\/ul>\r\n\t\t<\/div>\r\n\t\t\r\n\t\t<div class=\"post-right\"><i class=\"icon-comment\"><\/i>\u041d\u0435\u043c\u0430 \u043a\u043e\u043c\u0435\u043d\u0442\u0430\u0440\u0430<\/div>\r\n\t<\/div>\r\n\r\n\t<h1>Veliki Egipatski muzej<\/h1>\r\n\r\n\t<p><p>Krajem ove godine u Kairu \u0107e biti otvoren Veliki egipatski muzej, projekat vredan milijardu dolara???? &nbsp; Ovo \u0107e biti muzej 21. veka. U obzir je uzeta sva moderna tehnologija kako bi posetu u\u010dinila nezaboravnom. &nbsp; Pozicioniran je nedaleko od drevnih piramida Gize, prostira\u0107e se na oko 483.000 kvadratnih metara i posta\u0107e najve\u0107i muzej na svetu [&hellip;]<\/p>\n<\/p>\r\n\r\n\t<a href=\"https:\/\/hurgadaizleti.com\/?p=1908\" class=\"btn_1\">Read more<\/a>\r\n\r\n<\/div><!-- end post --><\/div><!-- end box_style_1 -->\r\n\r\n<hr>\r\n\r\n<div class=\"text-center\">\r\n\t<\/div>\r\n\r\n\n","protected":false},"excerpt":{"rendered":"Krajem ove godine u Kairu \u0107e biti otvoren Veliki egipatski muzej, projekat vredan milijardu dolara???? &nbsp; Ovo \u0107e biti muzej 21. veka. U obzir je uzeta sva moderna tehnologija kako bi posetu u\u010dinila nezaboravnom. &nbsp; Pozicioniran je nedaleko od drevnih piramida Gize, prostira\u0107e se na oko 483.000 kvadratnih metara i posta\u0107e najve\u0107i muzej na svetu [...]","protected":false},"author":1,"featured_media":0,"parent":0,"menu_order":0,"comment_status":"closed","ping_status":"closed","template":"","meta":{"footnotes":""},"class_list":["post-1907","page","type-page","status-publish","hentry"],"_links":{"self":[{"href":"https:\/\/hurgadaizleti.com\/index.php?rest_route=\/wp\/v2\/pages\/1907","targetHints":{"allow":["GET"]}}],"collection":[{"href":"https:\/\/hurgadaizleti.com\/index.php?rest_route=\/wp\/v2\/pages"}],"about":[{"href":"https:\/\/hurgadaizleti.com\/index.php?rest_route=\/wp\/v2\/types\/page"}],"author":[{"embeddable":true,"href":"https:\/\/hurgadaizleti.com\/index.php?rest_route=\/wp\/v2\/users\/1"}],"replies":[{"embeddable":true,"href":"https:\/\/hurgadaizleti.com\/index.php?rest_route=%2Fwp%2Fv2%2Fcomments&post=1907"}],"version-history":[{"count":1,"href":"https:\/\/hurgadaizleti.com\/index.php?rest_route=\/wp\/v2\/pages\/1907\/revisions"}],"predecessor-version":[{"id":2209,"href":"https:\/\/hurgadaizleti.com\/index.php?rest_route=\/wp\/v2\/pages\/1907\/revisions\/2209"}],"wp:attachment":[{"href":"https:\/\/hurgadaizleti.com\/index.php?rest_route=%2Fwp%2Fv2%2Fmedia&parent=1907"}],"curies":[{"name":"wp","href":"https:\/\/api.w.org\/{rel}","templated":true}]}}